{"id":21,"date":"2021-07-05T17:07:00","date_gmt":"2021-07-05T15:07:00","guid":{"rendered":"http:\/\/labrasseriedeloudon.com\/?page_id=21"},"modified":"2024-11-27T09:21:09","modified_gmt":"2024-11-27T08:21:09","slug":"accueil","status":"publish","type":"page","link":"https:\/\/labrasseriedeloudon.com\/","title":{"rendered":"Accueil"},"content":{"rendered":"<div id='full_slider_1'  class='avia-fullwidth-slider main_color avia-shadow   avia-builder-el-0  el_before_av_textblock  avia-builder-el-first   container_wrap fullsize' style=' '  ><div   data-size='featured'  data-lightbox_size='large'  data-animation='fade'  data-conditional_play=''  data-ids='118,115,111,48,58'  data-video_counter='0'  data-autoplay='true'  data-bg_slider='false'  data-slide_height=''  data-handle='av_slideshow_full'  data-interval='5'  data-class=' image_no_stretch'  data-el_id=''  data-css_id=''  data-scroll_down=''  data-control_layout='av-control-minimal'  data-custom_markup=''  data-perma_caption=''  data-autoplay_stopper=''  data-image_attachment=''  data-min_height='0px'  data-lazy_loading='disabled'  data-src=''  data-position='top left'  data-repeat='no-repeat'  data-attach='scroll'  data-stretch='image_no_stretch'  data-default-height='28.666666666667'  class='avia-slideshow avia-slideshow-1  av-control-minimal av-default-height-applied avia-slideshow-featured av_slideshow_full  image_no_stretch avia-fade-slider '  itemprop=\"image\" itemscope=\"itemscope\" itemtype=\"https:\/\/schema.org\/ImageObject\" ><ul class='avia-slideshow-inner ' style='padding-bottom: 28.666666666667%;' ><li  class=' slide-1 ' ><div data-rel='slideshow-1' class='avia-slide-wrap '   ><img decoding=\"async\" class=\"wp-image-118 avia-img-lazy-loading-not-118\"  src=\"https:\/\/labrasseriedeloudon.com\/wp-content\/uploads\/2021\/07\/20210706_135950-1500x430.jpg\" width=\"1500\" height=\"430\" title='20210706_135950' alt=''  itemprop=\"thumbnailUrl\"   \/><\/div><\/li><li  class=' slide-2 ' ><div data-rel='slideshow-1' class='avia-slide-wrap '   ><img decoding=\"async\" class=\"wp-image-115 avia-img-lazy-loading-not-115\"  src=\"https:\/\/labrasseriedeloudon.com\/wp-content\/uploads\/2021\/07\/20210706_135047-1500x430.jpg\" width=\"1500\" height=\"430\" title='20210706_135047' alt=''  itemprop=\"thumbnailUrl\"   \/><\/div><\/li><li  class=' slide-3 ' ><div data-rel='slideshow-1' class='avia-slide-wrap '   ><img decoding=\"async\" class=\"wp-image-111 avia-img-lazy-loading-not-111\"  src=\"https:\/\/labrasseriedeloudon.com\/wp-content\/uploads\/2021\/07\/20180531_210359-1500x430.jpg\" width=\"1500\" height=\"430\" title='20180531_210359' alt=''  itemprop=\"thumbnailUrl\"   \/><\/div><\/li><li  class=' slide-4 ' ><div data-rel='slideshow-1' class='avia-slide-wrap '   ><img decoding=\"async\" class=\"wp-image-48 avia-img-lazy-loading-not-48\"  src=\"https:\/\/labrasseriedeloudon.com\/wp-content\/uploads\/2021\/07\/DSC_0394-1500x430.jpg\" width=\"1500\" height=\"430\" title='DSC_0394' alt=''  itemprop=\"thumbnailUrl\"   \/><\/div><\/li><li  class=' slide-5 ' ><div data-rel='slideshow-1' class='avia-slide-wrap '   ><img decoding=\"async\" class=\"wp-image-58 avia-img-lazy-loading-not-58\"  src=\"https:\/\/labrasseriedeloudon.com\/wp-content\/uploads\/2021\/07\/exterieur_brasserie-1500x430.jpg\" width=\"1500\" height=\"430\" title='exterieur_brasserie' alt=''  itemprop=\"thumbnailUrl\"   \/><\/div><\/li><\/ul><div class='avia-slideshow-arrows avia-slideshow-controls' ><a href='#prev' class='prev-slide ' aria-hidden='true' data-av_icon='\ue87c' data-av_iconfont='entypo-fontello' aria-hidden='true' tabindex='-1'>Pr\u00e9c\u00e9dent<\/a><a href='#next' class='next-slide ' aria-hidden='true' data-av_icon='\ue87d' data-av_iconfont='entypo-fontello' aria-hidden='true' tabindex='-1'>Suivant<\/a><\/div><div class='avia-slideshow-dots avia-slideshow-controls'><a href='#1' class='goto-slide active' >1<\/a><a href='#2' class='goto-slide ' >2<\/a><a href='#3' class='goto-slide ' >3<\/a><a href='#4' class='goto-slide ' >4<\/a><a href='#5' class='goto-slide ' >5<\/a><\/div><\/div><\/div><div id='after_full_slider_1'  class='main_color av_default_container_wrap container_wrap fullsize' style=' '  ><div class='container' ><div class='template-page content  av-content-full alpha units'><div class='post-entry post-entry-type-page post-entry-21'><div class='entry-content-wrapper clearfix'>\n<section class=\"av_textblock_section \"  itemscope=\"itemscope\" itemtype=\"https:\/\/schema.org\/CreativeWork\" ><div class='avia_textblock  '   itemprop=\"text\" ><h2 style=\"text-align: center;\"><strong><span style=\"color: #ff6600;\">Bienvenue sur le site de la brasserie<br \/>\n<\/span><\/strong><\/h2>\n<h2 style=\"text-align: center;\"><\/h2>\n<p>Sur ce site, vous trouverez des infos pratiques sur les bi\u00e8res disponibles et les activit\u00e9s de notre voisin boulanger bio. Nous n&rsquo;avons pas encore pris le temps de mettre une pr\u00e9sentation de la brasserie, ni celle du camping. Peut-\u00eatre que l&rsquo;hiver sera propice \u00e0 rester au chaud devant l&rsquo;ordi&#8230;<\/p>\n<p>Pour faire une rapide pr\u00e9sentation de l&rsquo;\u00e9volution des derniers mois, nous avons r\u00e9alis\u00e9 quelques <span style=\"color: #ff6600;\">travaux d&rsquo;am\u00e9lioration*<\/span><\/p>\n<blockquote>\n<p>&gt; nouvelle cuve de fermentation permettant de faciliter le houblonnage \u00e0 froid,<br \/>\n&gt; installation de transferts pour acheminer la bi\u00e8re entre la salle de brassage et l&#8217;embouteilleuse,<br \/>\n&gt; am\u00e9nagement du local d&rsquo;accueil pour le samedi matin,<br \/>\n&gt; travaux d&rsquo;am\u00e9lioration thermique pour l&rsquo;\u00e9t\u00e9 et l&rsquo;hiver,<br \/>\n&gt; installation d&rsquo;un growler pour faire la distribution en vrac de bi\u00e8res sp\u00e9ciales (cruchons en verre de 2 litres consign\u00e9s) que vous ne trouverez pas en bouteilles (la 1\u00e8re cuv\u00e9e sera dispo en janvier),<\/p>\n<\/blockquote>\n<p>Si vous \u00eates curieux de visiter la brasserie, n&rsquo;h\u00e9sitez pas \u00e0 passer le samedi matin pendant la vente \u00e0 la ferme entre 10 et 12h30.<\/p>\n<p><span style=\"color: #ff6600;\">* Ces travaux ont \u00e9t\u00e9 co-financ\u00e9s par :<\/span><\/p>\n<p><img loading=\"lazy\" decoding=\"async\" class=\"alignnone wp-image-631\" src=\"http:\/\/labrasseriedeloudon.com\/wp-content\/uploads\/2024\/11\/feader_logo-300x276.png\" alt=\"\" width=\"157\" height=\"144\" srcset=\"https:\/\/labrasseriedeloudon.com\/wp-content\/uploads\/2024\/11\/feader_logo-300x276.png 300w, https:\/\/labrasseriedeloudon.com\/wp-content\/uploads\/2024\/11\/feader_logo.png 605w\" sizes=\"auto, (max-width: 157px) 100vw, 157px\" \/> \u00a0\u00a0\u00a0\u00a0\u00a0\u00a0\u00a0\u00a0 <img loading=\"lazy\" decoding=\"async\" class=\"alignnone wp-image-632\" src=\"http:\/\/labrasseriedeloudon.com\/wp-content\/uploads\/2024\/11\/Logo-53.png\" alt=\"\" width=\"135\" height=\"135\" srcset=\"https:\/\/labrasseriedeloudon.com\/wp-content\/uploads\/2024\/11\/Logo-53.png 260w, https:\/\/labrasseriedeloudon.com\/wp-content\/uploads\/2024\/11\/Logo-53-80x80.png 80w, https:\/\/labrasseriedeloudon.com\/wp-content\/uploads\/2024\/11\/Logo-53-36x36.png 36w, https:\/\/labrasseriedeloudon.com\/wp-content\/uploads\/2024\/11\/Logo-53-180x180.png 180w\" sizes=\"auto, (max-width: 135px) 100vw, 135px\" \/><\/p>\n<p>Ces derniers travaux r\u00e9alis\u00e9s entre 2023 et 2024 ont co\u00fbt\u00e9 48 127 \u20ac HT<\/p>\n<p>La participation du d\u00e9partement s&rsquo;\u00e9l\u00e8ve \u00e0 6576.51 \u20ac et le FEADER intervient \u00e0 hauteur de 7416.06\u20ac<\/p>\n<\/div><\/section>\n","protected":false},"excerpt":{"rendered":"","protected":false},"author":1,"featured_media":0,"parent":0,"menu_order":0,"comment_status":"closed","ping_status":"closed","template":"","meta":{"footnotes":""},"class_list":["post-21","page","type-page","status-publish","hentry"],"_links":{"self":[{"href":"https:\/\/labrasseriedeloudon.com\/index.php\/wp-json\/wp\/v2\/pages\/21","targetHints":{"allow":["GET"]}}],"collection":[{"href":"https:\/\/labrasseriedeloudon.com\/index.php\/wp-json\/wp\/v2\/pages"}],"about":[{"href":"https:\/\/labrasseriedeloudon.com\/index.php\/wp-json\/wp\/v2\/types\/page"}],"author":[{"embeddable":true,"href":"https:\/\/labrasseriedeloudon.com\/index.php\/wp-json\/wp\/v2\/users\/1"}],"replies":[{"embeddable":true,"href":"https:\/\/labrasseriedeloudon.com\/index.php\/wp-json\/wp\/v2\/comments?post=21"}],"version-history":[{"count":32,"href":"https:\/\/labrasseriedeloudon.com\/index.php\/wp-json\/wp\/v2\/pages\/21\/revisions"}],"predecessor-version":[{"id":636,"href":"https:\/\/labrasseriedeloudon.com\/index.php\/wp-json\/wp\/v2\/pages\/21\/revisions\/636"}],"wp:attachment":[{"href":"https:\/\/labrasseriedeloudon.com\/index.php\/wp-json\/wp\/v2\/media?parent=21"}],"curies":[{"name":"wp","href":"https:\/\/api.w.org\/{rel}","templated":true}]}}